{"id":661,"date":"2022-05-17T15:18:52","date_gmt":"2022-05-17T13:18:52","guid":{"rendered":"https:\/\/edevice.com\/carrieres\/"},"modified":"2024-03-19T12:06:38","modified_gmt":"2024-03-19T11:06:38","slug":"carrieres","status":"publish","type":"page","link":"https:\/\/edevice.com\/fr\/carrieres\/","title":{"rendered":"Carri\u00e8res"},"content":{"rendered":"<p>[vc_row el_class=\u00a0\u00bbcontainer c-1200 p-tb-section-md\u00a0\u00bb][vc_column][vc_row_inner gap=\u00a0\u00bb25&Prime; el_class=\u00a0\u00bbmt-section-md\u00a0\u00bb][vc_column_inner width=\u00a0\u00bb1\/2&Prime;][vc_column_text]<\/p>\n<div>\n<h4>Merci de votre int\u00e9r\u00eat pour une perspective de carri\u00e8re chez eDevice<\/h4>\n<p>eDevice est un leader mondial dans la conception et le d\u00e9veloppement de solutions pour la connectivit\u00e9 de donn\u00e9es. L&rsquo;entreprise offre un environnement de travail dynamique et passionnant, permettant aux employ\u00e9s de travailler \u00e0 la pointe du secteur de la connectivit\u00e9 des donn\u00e9es m\u00e9dicales.<\/p>\n<p>eDevice est un employeur offrant l&rsquo;\u00e9galit\u00e9 professionnelle et, \u00e0 ce titre, pr\u00e9conise fermement l&rsquo;\u00e9limination de la discrimination dans l&#8217;emploi et s&rsquo;efforce d&rsquo;atteindre l&rsquo;\u00e9galit\u00e9 gr\u00e2ce \u00e0 des politiques et des pratiques \u00e9quitables. Notre politique est d&rsquo;offrir des chances \u00e9gales \u00e0 toutes les personnes qualifi\u00e9es, employ\u00e9es ou cherchant un emploi au sein de l&rsquo;entreprise. Toutes les d\u00e9cisions concernant l&#8217;emploi sont bas\u00e9es sur les qualifications professionnelles et personnelles n\u00e9cessaires \u00e0 la bonne ex\u00e9cution du travail.<\/p>\n<\/div>\n<p>[\/vc_column_text][\/vc_column_inner][vc_column_inner width=\u00a0\u00bb1\/2&Prime;][vc_column_text]<\/p>\n<p><a class=\"btn\" style=\"margin-top: 0; margin-bottom: 1.5em;\" href=\"mailto:rh@edevice.com?subject=Candidature pour eDevice\">Envoyer un courriel de candidature spontan\u00e9e avec CV\u00a0<\/a><\/p>\n<p>[\/vc_column_text][\/vc_column_inner][\/vc_row_inner][\/vc_column][\/vc_row]<\/p>\n","protected":false},"excerpt":{"rendered":"<p>[vc_row el_class=\u00a0\u00bbcontainer c-1200 p-tb-section-md\u00a0\u00bb][vc_column][vc_row_inner gap=\u00a0\u00bb25&Prime; el_class=\u00a0\u00bbmt-section-md\u00a0\u00bb][vc_column_inner width=\u00a0\u00bb1\/2&Prime;][vc_column_text] Merci de votre int\u00e9r\u00eat pour une perspective de carri\u00e8re chez eDevice eDevice est un leader mondial dans la conception et le d\u00e9veloppement de solutions pour la connectivit\u00e9 de donn\u00e9es. L&rsquo;entreprise offre un environnement de travail dynamique et passionnant, permettant aux employ\u00e9s de travailler \u00e0 la pointe du secteur<a class=\"text-primary link--read-more\" \n\thref=\"https:\/\/edevice.com\/fr\/carrieres\/\"><i class=\"fal fa-newspaper\"><\/i> Read More<\/a><\/p>\n","protected":false},"author":2,"featured_media":0,"parent":0,"menu_order":0,"comment_status":"closed","ping_status":"closed","template":"","meta":{"footnotes":""},"class_list":["post-661","page","type-page","status-publish","hentry"],"yoast_head":"<!-- This site is optimized with the Yoast SEO plugin v26.8 - https:\/\/yoast.com\/product\/yoast-seo-wordpress\/ -->\n<title>Remote Patient Monitoring \u2013 eDevice \u2013 M\u00e9rignac, France<\/title>\n<meta name=\"description\" content=\"The leading provider of global IoT connectivity solutions.The leading provider of global IoT connectivity solutions.HealthGO, an award-winning medical hub, is a simple way to acquire, monitor and transmit medical data to the cloud for Remote Patient Monitoring applications.\" \/>\n<meta name=\"robots\" content=\"index, follow, max-snippet:-1, max-image-preview:large, max-video-preview:-1\" \/>\n<link rel=\"canonical\" href=\"https:\/\/edevice.com\/fr\/carrieres\/\" \/>\n<meta property=\"og:locale\" content=\"fr_FR\" \/>\n<meta property=\"og:type\" content=\"article\" \/>\n<meta property=\"og:title\" content=\"Remote Patient Monitoring \u2013 eDevice \u2013 M\u00e9rignac, France\" \/>\n<meta property=\"og:description\" content=\"The leading provider of global IoT connectivity solutions.The leading provider of global IoT connectivity solutions.HealthGO, an award-winning medical hub, is a simple way to acquire, monitor and transmit medical data to the cloud for Remote Patient Monitoring applications.\" \/>\n<meta property=\"og:url\" content=\"https:\/\/edevice.com\/fr\/carrieres\/\" \/>\n<meta property=\"og:site_name\" content=\"eDevice\" \/>\n<meta property=\"article:modified_time\" content=\"2024-03-19T11:06:38+00:00\" \/>\n<meta name=\"twitter:card\" content=\"summary_large_image\" \/>\n<meta name=\"twitter:label1\" content=\"Dur\u00e9e de lecture estim\u00e9e\" \/>\n\t<meta name=\"twitter:data1\" content=\"1 minute\" \/>\n<script type=\"application\/ld+json\" class=\"yoast-schema-graph\">{\"@context\":\"https:\/\/schema.org\",\"@graph\":[{\"@type\":\"WebPage\",\"@id\":\"https:\/\/edevice.com\/fr\/carrieres\/\",\"url\":\"https:\/\/edevice.com\/fr\/carrieres\/\",\"name\":\"Remote Patient Monitoring \u2013 eDevice \u2013 M\u00e9rignac, France\",\"isPartOf\":{\"@id\":\"https:\/\/edevice.com\/#website\"},\"datePublished\":\"2022-05-17T13:18:52+00:00\",\"dateModified\":\"2024-03-19T11:06:38+00:00\",\"description\":\"The leading provider of global IoT connectivity solutions.The leading provider of global IoT connectivity solutions.HealthGO, an award-winning medical hub, is a simple way to acquire, monitor and transmit medical data to the cloud for Remote Patient Monitoring applications.\",\"breadcrumb\":{\"@id\":\"https:\/\/edevice.com\/fr\/carrieres\/#breadcrumb\"},\"inLanguage\":\"fr-FR\",\"potentialAction\":[{\"@type\":\"ReadAction\",\"target\":[\"https:\/\/edevice.com\/fr\/carrieres\/\"]}]},{\"@type\":\"BreadcrumbList\",\"@id\":\"https:\/\/edevice.com\/fr\/carrieres\/#breadcrumb\",\"itemListElement\":[{\"@type\":\"ListItem\",\"position\":1,\"name\":\"Home\",\"item\":\"https:\/\/edevice.com\/fr\/\"},{\"@type\":\"ListItem\",\"position\":2,\"name\":\"Carri\u00e8res\"}]},{\"@type\":\"WebSite\",\"@id\":\"https:\/\/edevice.com\/#website\",\"url\":\"https:\/\/edevice.com\/\",\"name\":\"eDevice\",\"description\":\"\",\"potentialAction\":[{\"@type\":\"SearchAction\",\"target\":{\"@type\":\"EntryPoint\",\"urlTemplate\":\"https:\/\/edevice.com\/?s={search_term_string}\"},\"query-input\":{\"@type\":\"PropertyValueSpecification\",\"valueRequired\":true,\"valueName\":\"search_term_string\"}}],\"inLanguage\":\"fr-FR\"}]}<\/script>\n<!-- \/ Yoast SEO plugin. -->","yoast_head_json":{"title":"Remote Patient Monitoring \u2013 eDevice \u2013 M\u00e9rignac, France","description":"The leading provider of global IoT connectivity solutions.The leading provider of global IoT connectivity solutions.HealthGO, an award-winning medical hub, is a simple way to acquire, monitor and transmit medical data to the cloud for Remote Patient Monitoring applications.","robots":{"index":"index","follow":"follow","max-snippet":"max-snippet:-1","max-image-preview":"max-image-preview:large","max-video-preview":"max-video-preview:-1"},"canonical":"https:\/\/edevice.com\/fr\/carrieres\/","og_locale":"fr_FR","og_type":"article","og_title":"Remote Patient Monitoring \u2013 eDevice \u2013 M\u00e9rignac, France","og_description":"The leading provider of global IoT connectivity solutions.The leading provider of global IoT connectivity solutions.HealthGO, an award-winning medical hub, is a simple way to acquire, monitor and transmit medical data to the cloud for Remote Patient Monitoring applications.","og_url":"https:\/\/edevice.com\/fr\/carrieres\/","og_site_name":"eDevice","article_modified_time":"2024-03-19T11:06:38+00:00","twitter_card":"summary_large_image","twitter_misc":{"Dur\u00e9e de lecture estim\u00e9e":"1 minute"},"schema":{"@context":"https:\/\/schema.org","@graph":[{"@type":"WebPage","@id":"https:\/\/edevice.com\/fr\/carrieres\/","url":"https:\/\/edevice.com\/fr\/carrieres\/","name":"Remote Patient Monitoring \u2013 eDevice \u2013 M\u00e9rignac, France","isPartOf":{"@id":"https:\/\/edevice.com\/#website"},"datePublished":"2022-05-17T13:18:52+00:00","dateModified":"2024-03-19T11:06:38+00:00","description":"The leading provider of global IoT connectivity solutions.The leading provider of global IoT connectivity solutions.HealthGO, an award-winning medical hub, is a simple way to acquire, monitor and transmit medical data to the cloud for Remote Patient Monitoring applications.","breadcrumb":{"@id":"https:\/\/edevice.com\/fr\/carrieres\/#breadcrumb"},"inLanguage":"fr-FR","potentialAction":[{"@type":"ReadAction","target":["https:\/\/edevice.com\/fr\/carrieres\/"]}]},{"@type":"BreadcrumbList","@id":"https:\/\/edevice.com\/fr\/carrieres\/#breadcrumb","itemListElement":[{"@type":"ListItem","position":1,"name":"Home","item":"https:\/\/edevice.com\/fr\/"},{"@type":"ListItem","position":2,"name":"Carri\u00e8res"}]},{"@type":"WebSite","@id":"https:\/\/edevice.com\/#website","url":"https:\/\/edevice.com\/","name":"eDevice","description":"","potentialAction":[{"@type":"SearchAction","target":{"@type":"EntryPoint","urlTemplate":"https:\/\/edevice.com\/?s={search_term_string}"},"query-input":{"@type":"PropertyValueSpecification","valueRequired":true,"valueName":"search_term_string"}}],"inLanguage":"fr-FR"}]}},"_links":{"self":[{"href":"https:\/\/edevice.com\/fr\/wp-json\/wp\/v2\/pages\/661","targetHints":{"allow":["GET"]}}],"collection":[{"href":"https:\/\/edevice.com\/fr\/wp-json\/wp\/v2\/pages"}],"about":[{"href":"https:\/\/edevice.com\/fr\/wp-json\/wp\/v2\/types\/page"}],"author":[{"embeddable":true,"href":"https:\/\/edevice.com\/fr\/wp-json\/wp\/v2\/users\/2"}],"replies":[{"embeddable":true,"href":"https:\/\/edevice.com\/fr\/wp-json\/wp\/v2\/comments?post=661"}],"version-history":[{"count":12,"href":"https:\/\/edevice.com\/fr\/wp-json\/wp\/v2\/pages\/661\/revisions"}],"predecessor-version":[{"id":1383,"href":"https:\/\/edevice.com\/fr\/wp-json\/wp\/v2\/pages\/661\/revisions\/1383"}],"wp:attachment":[{"href":"https:\/\/edevice.com\/fr\/wp-json\/wp\/v2\/media?parent=661"}],"curies":[{"name":"wp","href":"https:\/\/api.w.org\/{rel}","templated":true}]}}