{"id":670,"date":"2021-12-10T16:47:52","date_gmt":"2021-12-10T15:47:52","guid":{"rendered":"https:\/\/edevice.com\/solution-de-telecardiologie\/"},"modified":"2024-08-05T10:54:50","modified_gmt":"2024-08-05T08:54:50","slug":"solution-de-telesurveillance-cardiaque","status":"publish","type":"page","link":"https:\/\/edevice.com\/fr\/solution-de-telesurveillance-cardiaque\/","title":{"rendered":"T\u00e9l\u00e9surveillance de patients souffrant d&rsquo;insuffisance cardiaque chronique"},"content":{"rendered":"<p>[vc_row content_placement=\u00a0\u00bbmiddle\u00a0\u00bb el_class=\u00a0\u00bbcontainer c-1200 mt-section-lg\u00a0\u00bb][vc_column][vc_single_image image=\u00a0\u00bb1375&Prime; img_size=\u00a0\u00bblarge\u00a0\u00bb alignment=\u00a0\u00bbcenter\u00a0\u00bb el_class=\u00a0\u00bbsection__rounded section__shadow&#8211;large\u00a0\u00bb][vc_column_text el_class=\u00a0\u00bbbody-display\u00a0\u00bb]TwoCan Pulse\u2122 est une solution de t\u00e9l\u00e9surveillance visant \u00e0 pr\u00e9venir de possibles d\u00e9compensations cardiaques chez des patients souffrant d&rsquo;insuffisance cardiaque chronique. La solution est prise en charge par la s\u00e9curit\u00e9 sociale en France.[\/vc_column_text][\/vc_column][\/vc_row][vc_row el_class=\u00a0\u00bbcontainer mt-section-lg p-tb-section-lg bg-grey\u00a0\u00bb][vc_column][vc_column_text el_class=\u00a0\u00bbcontainer c-1200&Prime;]<\/p>\n<h3 style=\"text-align: center;\">\u00c0 qui s&rsquo;adresse TwoCan Pulse\u2122 ?<\/h3>\n<p>TwoCan Pulse\u2122 s&rsquo;adresse aux patients souffrant d\u2019insuffisance cardiaque chronique, quels que soient le type et l\u2019\u00e9tiologie de la maladie et remplissant une des deux conditions suivantes :[\/vc_column_text][vc_row_inner el_class=\u00a0\u00bbcontainer c-1200&Prime;][vc_column_inner][vc_column_text el_class=\u00a0\u00bbsection__card text-center\u00a0\u00bb]<\/p>\n<ul>\n<li style=\"text-align: left;\">Hospitalisation au cours des 12 derniers mois pour une pouss\u00e9e d\u2019insuffisance cardiaque.<\/li>\n<li style=\"text-align: left;\">Actuellement en classe NYHA 2 ou plus avec un taux de peptides natriur\u00e9tiques \u00e9lev\u00e9\u0301 (BNP &gt; 100 pg\/mL ou NT pro BNP &gt; 1000 pg\/mL).<\/li>\n<\/ul>\n<p>[\/vc_column_text][\/vc_column_inner][\/vc_row_inner][\/vc_column][\/vc_row][vc_row content_placement=\u00a0\u00bbmiddle\u00a0\u00bb el_class=\u00a0\u00bbcontainer c-1200 mt-section-lg\u00a0\u00bb][vc_column][vc_column_text]<\/p>\n<h3>Comment fonctionne TwoCan Pulse\u2122 ?<\/h3>\n<p>[\/vc_column_text][vc_column_text el_class=\u00a0\u00bbbody-display\u00a0\u00bb]La solution de t\u00e9l\u00e9surveillance TwoCan Pulse\u2122 est constitu\u00e9e de trois composants : un communicateur, un oxym\u00e8tre de pouls et une balance, ainsi que d\u2019une interface Web.[\/vc_column_text][\/vc_column][\/vc_row][vc_row gap=\u00a0\u00bb35&Prime; equal_height=\u00a0\u00bbyes\u00a0\u00bb el_class=\u00a0\u00bbcontainer c-1200 mt-section-md\u00a0\u00bb][vc_column width=\u00a0\u00bb1\/3&Prime;][vc_single_image image=\u00a0\u00bb61&Prime; img_size=\u00a0\u00bblarge\u00a0\u00bb alignment=\u00a0\u00bbcenter\u00a0\u00bb][vc_column_text el_class=\u00a0\u00bbsection__border section__border&#8211;textbox\u00a0\u00bb]<\/p>\n<h5>Oxym\u00e8tre et balance<\/h5>\n<p>L&rsquo;oxym\u00e8tre de pouls et de la balance connect\u00e9s permettent au patient de prendre quotidiennement ses mesures de fr\u00e9quence cardiaque, de saturation en oxyg\u00e8ne et de poids.[\/vc_column_text][\/vc_column][vc_column width=\u00a0\u00bb1\/3&Prime;][vc_single_image image=\u00a0\u00bb1372&Prime; img_size=\u00a0\u00bbmedium\u00a0\u00bb alignment=\u00a0\u00bbcenter\u00a0\u00bb][vc_column_text el_class=\u00a0\u00bbsection__border section__border&#8211;textbox\u00a0\u00bb]<\/p>\n<h5>Communicateur<\/h5>\n<p>Il r\u00e9cup\u00e8re automatiquement les mesures prises quotidiennement par le patient.<\/p>\n<p>L&rsquo;algorithme d\u00e9cisionnel, d\u00e9fini par des cardiologues sp\u00e9cialistes de l&rsquo;insuffisance cardiaque, d\u00e9termine si le patient pr\u00e9sente un risque de d\u00e9compensation cardiaque \u00e0 venir. Si c&rsquo;est le cas, le communicateur informe le patient \u00e0 l&rsquo;aide d&rsquo;un voyant lumineux et d&rsquo;un son sp\u00e9cifique.<\/p>\n<p>Il transmet l&rsquo;ensemble des donn\u00e9es vers le \u00ab\u00a0Cloud\u00a0\u00bb pour une analyse par les professionnels de sant\u00e9 au travers de l&rsquo;interface Web.[\/vc_column_text][\/vc_column][vc_column width=\u00a0\u00bb1\/3&Prime;][vc_single_image image=\u00a0\u00bb1459&Prime; img_size=\u00a0\u00bblarge\u00a0\u00bb][vc_column_text el_class=\u00a0\u00bbsection__border section__border&#8211;textbox\u00a0\u00bb]<\/p>\n<h5>Interface Web<\/h5>\n<p>L&rsquo;interface Web permet aux professionnels de sant\u00e9 de r\u00e9aliser la t\u00e9l\u00e9surveillance de mani\u00e8re simple et efficace.[\/vc_column_text][\/vc_column][\/vc_row][vc_row el_class=\u00a0\u00bbcontainer bg-grey p-tb-section-lg mt-section-lg\u00a0\u00bb][vc_column][vc_row_inner el_class=\u00a0\u00bbcontainer c-1200&Prime;][vc_column_inner][vc_column_text]<\/p>\n<h3 style=\"text-align: center;\">Pourquoi TwoCan Pulse\u2122 ?<\/h3>\n<p>[\/vc_column_text][\/vc_column_inner][\/vc_row_inner][vc_row_inner el_class=\u00a0\u00bbcontainer c-1200&Prime;][vc_column_inner width=\u00a0\u00bb1\/2&Prime;][vc_column_text]<\/p>\n<h5><em>Pour les patients<\/em><\/h5>\n<p>TwoCan Pulse\u2122 rend le patient acteur de ses soins tout en obtenant une surveillance de la part des professionnels de sant\u00e9.<\/p>\n<p>La solution est tr\u00e8s simple d&rsquo;utilisation et ne n\u00e9cessite aucune connaissance technique particuli\u00e8re ni d&rsquo;un acc\u00e8s Wi-Fi au domicile.[\/vc_column_text][\/vc_column_inner][vc_column_inner width=\u00a0\u00bb1\/2&Prime;][vc_column_text]<\/p>\n<h5><em>Pour les professionnels de sant\u00e9<\/em><\/h5>\n<p>TwoCan Pulse\u2122 offre aux professionnels de sant\u00e9 une solution simple et efficace de t\u00e9l\u00e9surveillance au travers d&rsquo;une interface Web.[\/vc_column_text][\/vc_column_inner][\/vc_row_inner][\/vc_column][\/vc_row][vc_row content_placement=\u00a0\u00bbmiddle\u00a0\u00bb el_class=\u00a0\u00bbcontainer c-1200 p-tb-section-lg\u00a0\u00bb][vc_column][vc_column_text]<\/p>\n<h3 class=\"text-center\">Questions fr\u00e9quemment pos\u00e9es<\/h3>\n<p>[\/vc_column_text][vc_tta_accordion section_title_tag=\u00a0\u00bbh6&Prime; style=\u00a0\u00bbflat\u00a0\u00bb c_icon=\u00a0\u00bbchevron\u00a0\u00bb active_section=\u00a0\u00bb\u00a0\u00bb collapsible_all=\u00a0\u00bbtrue\u00a0\u00bb el_class=\u00a0\u00bbsection__faq\u00a0\u00bb][vc_tta_section title=\u00a0\u00bbQu&rsquo;est-ce que TwoCan Pulse\u2122 ?\u00a0\u00bb tab_id=\u00a0\u00bb1658418957592-a6a81c15-f8c8&Prime;][vc_column_text]TwoCan Pulse\u2122 est une solution de t\u00e9l\u00e9surveillance de patients souffrant d&rsquo;insuffisance cardiaque chronique. La solution est prise en charge en France par la s\u00e9curit\u00e9 sociale.[\/vc_column_text][\/vc_tta_section][vc_tta_section title=\u00a0\u00bb\u00c0 qui s&rsquo;adresse TwoCan Pulse\u2122 ?\u00a0\u00bb tab_id=\u00a0\u00bb1658418957608-51525925-ffa7&Prime;][vc_column_text]TwoCan Pulse\u2122 s&rsquo;adresse aux patients souffrant d\u2019insuffisance cardiaque chronique, quels que soient le type et l\u2019\u00e9tiologie de la maladie et remplissant une des deux conditions suivantes :<\/p>\n<ul>\n<li>Hospitalisation au cours des 12 derniers mois pour une pouss\u00e9e d\u2019insuffisance cardiaque.<\/li>\n<li>Actuellement en classe NYHA 2 ou plus avec un taux de peptides natriur\u00e9tiques \u00e9lev\u00e9\u0301 (BNP &gt; 100 pg\/mL ou NT pro BNP &gt; 1000 pg\/mL).<\/li>\n<\/ul>\n<p>[\/vc_column_text][\/vc_tta_section][vc_tta_section title=\u00a0\u00bbComment puis-je acc\u00e9der \u00e0 l&rsquo;interface Web de TwoCan Pulse\u2122\u00a0\u00bb tab_id=\u00a0\u00bb1658419841442-f2963a89-0098&Prime;][vc_column_text]L&rsquo;interface Web TwoCan Pulse\u2122 est accessible aux professionnels de sant\u00e9. Un compte utilisateur doit \u00eatre cr\u00e9er pr\u00e9alablement.[\/vc_column_text][\/vc_tta_section][vc_tta_section title=\u00a0\u00bbComment puis-je obtenir un appareil ?\u00a0\u00bb tab_id=\u00a0\u00bb1658419841984-2a4a962e-d6c7&Prime;][vc_column_text]Se rapprocher de votre m\u00e9decin et si vous \u00eates \u00e9ligible \u00e0 une solution de t\u00e9l\u00e9surveillance, le m\u00e9decin pourra vous prescrire la solution TwoCan Pulse\u2122.[\/vc_column_text][\/vc_tta_section][vc_tta_section title=\u00a0\u00bbQui peut prescrire la t\u00e9l\u00e9surveillance par TwoCan Pulse\u2122 ?\u00a0\u00bb tab_id=\u00a0\u00bb1697029465228-132c76e3-8bf2&Prime;][vc_column_text]La prescription initiale de t\u00e9l\u00e9surveillance doit \u00eatre r\u00e9alis\u00e9e par un m\u00e9decin sp\u00e9cialiste en pathologie cardiovasculaire, un m\u00e9decin g\u00e9n\u00e9raliste disposant d\u2019un DU d\u2019insuffisance cardiaque, ou de fa\u00e7on plus exceptionnelle, par un m\u00e9decin sp\u00e9cialiste en m\u00e9decine g\u00e9riatrique en association avec le m\u00e9decin t\u00e9l\u00e9surveillant.[\/vc_column_text][\/vc_tta_section][vc_tta_section title=\u00a0\u00bbJe rencontre un probl\u00e8me technique. Qui dois-je contacter ?\u00a0\u00bb tab_id=\u00a0\u00bb1658419842535-23a8217c-a97e\u00a0\u00bb][vc_column_text]Si vous rencontrez des probl\u00e8mes techniques, un num\u00e9ro vert est \u00e0 votre disposition pour contacter notre service support.[\/vc_column_text][\/vc_tta_section][vc_tta_section title=\u00a0\u00bbQuels sont les diff\u00e9rents niveaux de r\u00e9mun\u00e9ration?\u00a0\u00bb tab_id=\u00a0\u00bb1722843188929-a5dbfabb-d1f8&Prime;][vc_column_text]Vous trouverez l&rsquo;ensemble des niveaux de r\u00e9mun\u00e9ration en <a href=\"https:\/\/edevice.com\/fr\/criteres-deligibilite-pour-la-telesurveillance-de-linsuffisance-cardiaque\/\">cliquant sur ce lien.<\/a>[\/vc_column_text][\/vc_tta_section][vc_tta_section title=\u00a0\u00bbComment d\u00e9clarer son activit\u00e9 en tant que professionnel de sant\u00e9\u00a0\u00bb tab_id=\u00a0\u00bb1722843233328-6b960e30-d5f8&Prime;][vc_column_text]Pour d\u00e9clarer son activit\u00e9 de t\u00e9l\u00e9 surveillance en tant que professionnel de sant\u00e9, <a href=\"https:\/\/edevice.com\/fr\/comment-declarer-son-activite-en-tant-quoperateur-de-telesurveillance-le-guide-complet\/\">cliquez sur ce lien<\/a>.[\/vc_column_text][\/vc_tta_section][\/vc_tta_accordion][\/vc_column][\/vc_row]<\/p>\n","protected":false},"excerpt":{"rendered":"<p>[vc_row content_placement=\u00a0\u00bbmiddle\u00a0\u00bb el_class=\u00a0\u00bbcontainer c-1200 mt-section-lg\u00a0\u00bb][vc_column][vc_single_image image=\u00a0\u00bb1375&Prime; img_size=\u00a0\u00bblarge\u00a0\u00bb alignment=\u00a0\u00bbcenter\u00a0\u00bb el_class=\u00a0\u00bbsection__rounded section__shadow&#8211;large\u00a0\u00bb][vc_column_text el_class=\u00a0\u00bbbody-display\u00a0\u00bb]TwoCan Pulse\u2122 est une solution de t\u00e9l\u00e9surveillance visant \u00e0 pr\u00e9venir de possibles d\u00e9compensations cardiaques chez des patients souffrant d&rsquo;insuffisance cardiaque chronique. La solution est prise en charge par la s\u00e9curit\u00e9 sociale en France.[\/vc_column_text][\/vc_column][\/vc_row][vc_row el_class=\u00a0\u00bbcontainer mt-section-lg p-tb-section-lg bg-grey\u00a0\u00bb][vc_column][vc_column_text el_class=\u00a0\u00bbcontainer c-1200&Prime;] \u00c0 qui s&rsquo;adresse TwoCan Pulse\u2122 ?<a class=\"text-primary link--read-more\" \n\thref=\"https:\/\/edevice.com\/fr\/solution-de-telesurveillance-cardiaque\/\"><i class=\"fal fa-newspaper\"><\/i> Read More<\/a><\/p>\n","protected":false},"author":1,"featured_media":0,"parent":0,"menu_order":0,"comment_status":"closed","ping_status":"closed","template":"","meta":{"footnotes":""},"class_list":["post-670","page","type-page","status-publish","hentry"],"yoast_head":"<!-- This site is optimized with the Yoast SEO plugin v26.8 - https:\/\/yoast.com\/product\/yoast-seo-wordpress\/ -->\n<title>Remote Patient Monitoring \u2013 eDevice \u2013 M\u00e9rignac, France<\/title>\n<meta name=\"description\" content=\"The leading provider of global IoT connectivity solutions.The leading provider of global IoT connectivity solutions.HealthGO, an award-winning medical hub, is a simple way to acquire, monitor and transmit medical data to the cloud for Remote Patient Monitoring applications.\" \/>\n<meta name=\"robots\" content=\"index, follow, max-snippet:-1, max-image-preview:large, max-video-preview:-1\" \/>\n<link rel=\"canonical\" href=\"https:\/\/edevice.com\/fr\/solution-de-telesurveillance-cardiaque\/\" \/>\n<meta property=\"og:locale\" content=\"fr_FR\" \/>\n<meta property=\"og:type\" content=\"article\" \/>\n<meta property=\"og:title\" content=\"Remote Patient Monitoring \u2013 eDevice \u2013 M\u00e9rignac, France\" \/>\n<meta property=\"og:description\" content=\"The leading provider of global IoT connectivity solutions.The leading provider of global IoT connectivity solutions.HealthGO, an award-winning medical hub, is a simple way to acquire, monitor and transmit medical data to the cloud for Remote Patient Monitoring applications.\" \/>\n<meta property=\"og:url\" content=\"https:\/\/edevice.com\/fr\/solution-de-telesurveillance-cardiaque\/\" \/>\n<meta property=\"og:site_name\" content=\"eDevice\" \/>\n<meta property=\"article:modified_time\" content=\"2024-08-05T08:54:50+00:00\" \/>\n<meta name=\"twitter:card\" content=\"summary_large_image\" \/>\n<meta name=\"twitter:label1\" content=\"Dur\u00e9e de lecture estim\u00e9e\" \/>\n\t<meta name=\"twitter:data1\" content=\"4 minutes\" \/>\n<script type=\"application\/ld+json\" class=\"yoast-schema-graph\">{\"@context\":\"https:\/\/schema.org\",\"@graph\":[{\"@type\":\"WebPage\",\"@id\":\"https:\/\/edevice.com\/fr\/solution-de-telesurveillance-cardiaque\/\",\"url\":\"https:\/\/edevice.com\/fr\/solution-de-telesurveillance-cardiaque\/\",\"name\":\"Remote Patient Monitoring \u2013 eDevice \u2013 M\u00e9rignac, France\",\"isPartOf\":{\"@id\":\"https:\/\/edevice.com\/#website\"},\"datePublished\":\"2021-12-10T15:47:52+00:00\",\"dateModified\":\"2024-08-05T08:54:50+00:00\",\"description\":\"The leading provider of global IoT connectivity solutions.The leading provider of global IoT connectivity solutions.HealthGO, an award-winning medical hub, is a simple way to acquire, monitor and transmit medical data to the cloud for Remote Patient Monitoring applications.\",\"breadcrumb\":{\"@id\":\"https:\/\/edevice.com\/fr\/solution-de-telesurveillance-cardiaque\/#breadcrumb\"},\"inLanguage\":\"fr-FR\",\"potentialAction\":[{\"@type\":\"ReadAction\",\"target\":[\"https:\/\/edevice.com\/fr\/solution-de-telesurveillance-cardiaque\/\"]}]},{\"@type\":\"BreadcrumbList\",\"@id\":\"https:\/\/edevice.com\/fr\/solution-de-telesurveillance-cardiaque\/#breadcrumb\",\"itemListElement\":[{\"@type\":\"ListItem\",\"position\":1,\"name\":\"Home\",\"item\":\"https:\/\/edevice.com\/fr\/\"},{\"@type\":\"ListItem\",\"position\":2,\"name\":\"T\u00e9l\u00e9surveillance de patients souffrant d&#8217;insuffisance cardiaque chronique\"}]},{\"@type\":\"WebSite\",\"@id\":\"https:\/\/edevice.com\/#website\",\"url\":\"https:\/\/edevice.com\/\",\"name\":\"eDevice\",\"description\":\"\",\"potentialAction\":[{\"@type\":\"SearchAction\",\"target\":{\"@type\":\"EntryPoint\",\"urlTemplate\":\"https:\/\/edevice.com\/?s={search_term_string}\"},\"query-input\":{\"@type\":\"PropertyValueSpecification\",\"valueRequired\":true,\"valueName\":\"search_term_string\"}}],\"inLanguage\":\"fr-FR\"}]}<\/script>\n<!-- \/ Yoast SEO plugin. -->","yoast_head_json":{"title":"Remote Patient Monitoring \u2013 eDevice \u2013 M\u00e9rignac, France","description":"The leading provider of global IoT connectivity solutions.The leading provider of global IoT connectivity solutions.HealthGO, an award-winning medical hub, is a simple way to acquire, monitor and transmit medical data to the cloud for Remote Patient Monitoring applications.","robots":{"index":"index","follow":"follow","max-snippet":"max-snippet:-1","max-image-preview":"max-image-preview:large","max-video-preview":"max-video-preview:-1"},"canonical":"https:\/\/edevice.com\/fr\/solution-de-telesurveillance-cardiaque\/","og_locale":"fr_FR","og_type":"article","og_title":"Remote Patient Monitoring \u2013 eDevice \u2013 M\u00e9rignac, France","og_description":"The leading provider of global IoT connectivity solutions.The leading provider of global IoT connectivity solutions.HealthGO, an award-winning medical hub, is a simple way to acquire, monitor and transmit medical data to the cloud for Remote Patient Monitoring applications.","og_url":"https:\/\/edevice.com\/fr\/solution-de-telesurveillance-cardiaque\/","og_site_name":"eDevice","article_modified_time":"2024-08-05T08:54:50+00:00","twitter_card":"summary_large_image","twitter_misc":{"Dur\u00e9e de lecture estim\u00e9e":"4 minutes"},"schema":{"@context":"https:\/\/schema.org","@graph":[{"@type":"WebPage","@id":"https:\/\/edevice.com\/fr\/solution-de-telesurveillance-cardiaque\/","url":"https:\/\/edevice.com\/fr\/solution-de-telesurveillance-cardiaque\/","name":"Remote Patient Monitoring \u2013 eDevice \u2013 M\u00e9rignac, France","isPartOf":{"@id":"https:\/\/edevice.com\/#website"},"datePublished":"2021-12-10T15:47:52+00:00","dateModified":"2024-08-05T08:54:50+00:00","description":"The leading provider of global IoT connectivity solutions.The leading provider of global IoT connectivity solutions.HealthGO, an award-winning medical hub, is a simple way to acquire, monitor and transmit medical data to the cloud for Remote Patient Monitoring applications.","breadcrumb":{"@id":"https:\/\/edevice.com\/fr\/solution-de-telesurveillance-cardiaque\/#breadcrumb"},"inLanguage":"fr-FR","potentialAction":[{"@type":"ReadAction","target":["https:\/\/edevice.com\/fr\/solution-de-telesurveillance-cardiaque\/"]}]},{"@type":"BreadcrumbList","@id":"https:\/\/edevice.com\/fr\/solution-de-telesurveillance-cardiaque\/#breadcrumb","itemListElement":[{"@type":"ListItem","position":1,"name":"Home","item":"https:\/\/edevice.com\/fr\/"},{"@type":"ListItem","position":2,"name":"T\u00e9l\u00e9surveillance de patients souffrant d&#8217;insuffisance cardiaque chronique"}]},{"@type":"WebSite","@id":"https:\/\/edevice.com\/#website","url":"https:\/\/edevice.com\/","name":"eDevice","description":"","potentialAction":[{"@type":"SearchAction","target":{"@type":"EntryPoint","urlTemplate":"https:\/\/edevice.com\/?s={search_term_string}"},"query-input":{"@type":"PropertyValueSpecification","valueRequired":true,"valueName":"search_term_string"}}],"inLanguage":"fr-FR"}]}},"_links":{"self":[{"href":"https:\/\/edevice.com\/fr\/wp-json\/wp\/v2\/pages\/670","targetHints":{"allow":["GET"]}}],"collection":[{"href":"https:\/\/edevice.com\/fr\/wp-json\/wp\/v2\/pages"}],"about":[{"href":"https:\/\/edevice.com\/fr\/wp-json\/wp\/v2\/types\/page"}],"author":[{"embeddable":true,"href":"https:\/\/edevice.com\/fr\/wp-json\/wp\/v2\/users\/1"}],"replies":[{"embeddable":true,"href":"https:\/\/edevice.com\/fr\/wp-json\/wp\/v2\/comments?post=670"}],"version-history":[{"count":36,"href":"https:\/\/edevice.com\/fr\/wp-json\/wp\/v2\/pages\/670\/revisions"}],"predecessor-version":[{"id":1547,"href":"https:\/\/edevice.com\/fr\/wp-json\/wp\/v2\/pages\/670\/revisions\/1547"}],"wp:attachment":[{"href":"https:\/\/edevice.com\/fr\/wp-json\/wp\/v2\/media?parent=670"}],"curies":[{"name":"wp","href":"https:\/\/api.w.org\/{rel}","templated":true}]}}