{"id":770,"date":"2021-12-10T17:18:59","date_gmt":"2021-12-10T16:18:59","guid":{"rendered":"https:\/\/edevice.com\/systeme-de-qualite\/"},"modified":"2024-10-17T11:35:21","modified_gmt":"2024-10-17T09:35:21","slug":"systeme-de-qualite","status":"publish","type":"page","link":"https:\/\/edevice.com\/fr\/systeme-de-qualite\/","title":{"rendered":"Syst\u00e8me qualit\u00e9"},"content":{"rendered":"<p>[vc_row content_placement=\u00a0\u00bbtop\u00a0\u00bb el_class=\u00a0\u00bbcontainer c-1200 mt-section-lg\u00a0\u00bb][vc_column width=\u00a0\u00bb1\/2&Prime;][vc_column_text]<\/p>\n<h2>Depuis 2010, eDevice s\u2019est engag\u00e9e dans une d\u00e9marche qualit\u00e9 qui a conduit \u00e0 notre r\u00e9ussite dans la sant\u00e9 connect\u00e9e depuis maintenant de nombreuses ann\u00e9es .<\/h2>\n<p>[\/vc_column_text][\/vc_column][vc_column width=\u00a0\u00bb1\/2&Prime;][vc_column_text]At eDevice, our quality system is certified to medical standards (ISO-13485), required by stringent quality agreements requested by our healthcare customers.<\/p>\n<p>Notre certificat ISO 13485 couvre l&rsquo;ensemble de l&rsquo;offre d&rsquo;eDevice, tel que :<\/p>\n<ul>\n<li>Conception<\/li>\n<li>Fabrication<\/li>\n<li>Commercialisation de modems, mat\u00e9riels communicants et moniteurs m\u00e9dicaux<\/li>\n<li>Fourniture de services internationaux de t\u00e9l\u00e9communications et de transmission de donn\u00e9es m\u00e9dicales<\/li>\n<li>Provision of global network telecommunication and data transmission services<\/li>\n<\/ul>\n<p>[\/vc_column_text][\/vc_column][\/vc_row][vc_row el_class=\u00a0\u00bbcontainer c-1200 p-tb-section-lg\u00a0\u00bb][vc_column width=\u00a0\u00bb1\/2&Prime;][vc_column_text]We manage system developments from initial requirements to final production review with a continuous ISO-14971 risk management process. Our Regulatory department monitors thoroughly the new standards related to privacy (GDPR, HIPAA) and medical device approvals (CE, FDA).<\/p>\n<p>Software development follows IEC 62304 development methodology and once on the market, Post Market Surveillance operates throughout the lifetime of the products.[\/vc_column_text][\/vc_column][vc_column width=\u00a0\u00bb1\/2&Prime;][vc_raw_html]JTNDYSUyMGhyZWYlM0QlMjJodHRwcyUzQSUyRiUyRmVkZXZpY2UuY29tJTJGd3AtY29udGVudCUyRnVwbG9hZHMlMkYyMDIyJTJGMTIlMkZJU08xMzQ4NS1mci5wZGYlMjIlMjB0YXJnZXQlM0QlMjJfYmxhbmslMjIlM0UlM0NkaXYlMjBjbGFzcyUzRCUyMnNlY3Rpb25fX2NhcmQlMjBmbGV4JTIwYWMlMjBqc2UlMjBnYXAtc20lMjIlM0UlMEElM0NpJTIwY2xhc3MlM0QlMjJmYS1kdW90b25lJTIwZmEtZmlsZS1wZGYlMjBmYS0zeCUyMHRleHQtcHJpbWFyeSUyMiUzRSUzQyUyRmklM0UlMEElM0NoNSUyMGNsYXNzJTNEJTIydGV4dC1jZW50ZXIlMjIlM0VWb2lyJTIwbGUlMjBjZXJ0aWZpY2F0JTIwSVNPLTEzNDg1JTNDJTJGaDUlM0UlMEElM0MlMkZkaXYlM0UlMEElM0MlMkZhJTNF[\/vc_raw_html][vc_raw_html]JTNDYSUyMGhyZWYlM0QlMjJodHRwcyUzQSUyRiUyRmVkZXZpY2UuY29tJTJGd3AtY29udGVudCUyRnVwbG9hZHMlMkYyMDIyJTJGMTIlMkZJU085MDAxLWZyLnBkZiUyMiUyMHRhcmdldCUzRCUyMl9ibGFuayUyMiUzRSUzQ2RpdiUyMGNsYXNzJTNEJTIyc2VjdGlvbl9fY2FyZCUyMGZsZXglMjBhYyUyMGpzZSUyMGdhcC1zbSUyMiUzRSUwQSUzQ2klMjBjbGFzcyUzRCUyMmZhLWR1b3RvbmUlMjBmYS1maWxlLXBkZiUyMGZhLTN4JTIwdGV4dC1wcmltYXJ5JTIyJTNFJTNDJTJGaSUzRSUwQSUzQ2g1JTIwY2xhc3MlM0QlMjJ0ZXh0LWNlbnRlciUyMiUzRVZvaXIlMjBsZSUyMGNlcnRpZmljYXQlMjBJU08tOTAwMSUzQyUyRmg1JTNFJTBBJTNDJTJGZGl2JTNFJTBBJTNDJTJGYSUzRQ==[\/vc_raw_html][\/vc_column][\/vc_row]<\/p>\n","protected":false},"excerpt":{"rendered":"<p>[vc_row content_placement=\u00a0\u00bbtop\u00a0\u00bb el_class=\u00a0\u00bbcontainer c-1200 mt-section-lg\u00a0\u00bb][vc_column width=\u00a0\u00bb1\/2&Prime;][vc_column_text] Depuis 2010, eDevice s\u2019est engag\u00e9e dans une d\u00e9marche qualit\u00e9 qui a conduit \u00e0 notre r\u00e9ussite dans la sant\u00e9 connect\u00e9e depuis maintenant de nombreuses ann\u00e9es . [\/vc_column_text][\/vc_column][vc_column width=\u00a0\u00bb1\/2&Prime;][vc_column_text]At eDevice, our quality system is certified to medical standards (ISO-13485), required by stringent quality agreements requested by our healthcare customers. Notre certificat<a class=\"text-primary link--read-more\" \n\thref=\"https:\/\/edevice.com\/fr\/systeme-de-qualite\/\"><i class=\"fal fa-newspaper\"><\/i> Read More<\/a><\/p>\n","protected":false},"author":1,"featured_media":0,"parent":0,"menu_order":0,"comment_status":"closed","ping_status":"closed","template":"","meta":{"footnotes":""},"class_list":["post-770","page","type-page","status-publish","hentry"],"yoast_head":"<!-- This site is optimized with the Yoast SEO plugin v26.8 - https:\/\/yoast.com\/product\/yoast-seo-wordpress\/ -->\n<title>Remote Patient Monitoring \u2013 eDevice \u2013 M\u00e9rignac, France<\/title>\n<meta name=\"description\" content=\"The leading provider of global IoT connectivity solutions.The leading provider of global IoT connectivity solutions.HealthGO, an award-winning medical hub, is a simple way to acquire, monitor and transmit medical data to the cloud for Remote Patient Monitoring applications.\" \/>\n<meta name=\"robots\" content=\"index, follow, max-snippet:-1, max-image-preview:large, max-video-preview:-1\" \/>\n<link rel=\"canonical\" href=\"https:\/\/edevice.com\/fr\/systeme-de-qualite\/\" \/>\n<meta property=\"og:locale\" content=\"fr_FR\" \/>\n<meta property=\"og:type\" content=\"article\" \/>\n<meta property=\"og:title\" content=\"Remote Patient Monitoring \u2013 eDevice \u2013 M\u00e9rignac, France\" \/>\n<meta property=\"og:description\" content=\"The leading provider of global IoT connectivity solutions.The leading provider of global IoT connectivity solutions.HealthGO, an award-winning medical hub, is a simple way to acquire, monitor and transmit medical data to the cloud for Remote Patient Monitoring applications.\" \/>\n<meta property=\"og:url\" content=\"https:\/\/edevice.com\/fr\/systeme-de-qualite\/\" \/>\n<meta property=\"og:site_name\" content=\"eDevice\" \/>\n<meta property=\"article:modified_time\" content=\"2024-10-17T09:35:21+00:00\" \/>\n<meta name=\"twitter:card\" content=\"summary_large_image\" \/>\n<meta name=\"twitter:label1\" content=\"Dur\u00e9e de lecture estim\u00e9e\" \/>\n\t<meta name=\"twitter:data1\" content=\"1 minute\" \/>\n<script type=\"application\/ld+json\" class=\"yoast-schema-graph\">{\"@context\":\"https:\/\/schema.org\",\"@graph\":[{\"@type\":\"WebPage\",\"@id\":\"https:\/\/edevice.com\/fr\/systeme-de-qualite\/\",\"url\":\"https:\/\/edevice.com\/fr\/systeme-de-qualite\/\",\"name\":\"Remote Patient Monitoring \u2013 eDevice \u2013 M\u00e9rignac, France\",\"isPartOf\":{\"@id\":\"https:\/\/edevice.com\/#website\"},\"datePublished\":\"2021-12-10T16:18:59+00:00\",\"dateModified\":\"2024-10-17T09:35:21+00:00\",\"description\":\"The leading provider of global IoT connectivity solutions.The leading provider of global IoT connectivity solutions.HealthGO, an award-winning medical hub, is a simple way to acquire, monitor and transmit medical data to the cloud for Remote Patient Monitoring applications.\",\"breadcrumb\":{\"@id\":\"https:\/\/edevice.com\/fr\/systeme-de-qualite\/#breadcrumb\"},\"inLanguage\":\"fr-FR\",\"potentialAction\":[{\"@type\":\"ReadAction\",\"target\":[\"https:\/\/edevice.com\/fr\/systeme-de-qualite\/\"]}]},{\"@type\":\"BreadcrumbList\",\"@id\":\"https:\/\/edevice.com\/fr\/systeme-de-qualite\/#breadcrumb\",\"itemListElement\":[{\"@type\":\"ListItem\",\"position\":1,\"name\":\"Home\",\"item\":\"https:\/\/edevice.com\/fr\/\"},{\"@type\":\"ListItem\",\"position\":2,\"name\":\"Syst\u00e8me qualit\u00e9\"}]},{\"@type\":\"WebSite\",\"@id\":\"https:\/\/edevice.com\/#website\",\"url\":\"https:\/\/edevice.com\/\",\"name\":\"eDevice\",\"description\":\"\",\"potentialAction\":[{\"@type\":\"SearchAction\",\"target\":{\"@type\":\"EntryPoint\",\"urlTemplate\":\"https:\/\/edevice.com\/?s={search_term_string}\"},\"query-input\":{\"@type\":\"PropertyValueSpecification\",\"valueRequired\":true,\"valueName\":\"search_term_string\"}}],\"inLanguage\":\"fr-FR\"}]}<\/script>\n<!-- \/ Yoast SEO plugin. -->","yoast_head_json":{"title":"Remote Patient Monitoring \u2013 eDevice \u2013 M\u00e9rignac, France","description":"The leading provider of global IoT connectivity solutions.The leading provider of global IoT connectivity solutions.HealthGO, an award-winning medical hub, is a simple way to acquire, monitor and transmit medical data to the cloud for Remote Patient Monitoring applications.","robots":{"index":"index","follow":"follow","max-snippet":"max-snippet:-1","max-image-preview":"max-image-preview:large","max-video-preview":"max-video-preview:-1"},"canonical":"https:\/\/edevice.com\/fr\/systeme-de-qualite\/","og_locale":"fr_FR","og_type":"article","og_title":"Remote Patient Monitoring \u2013 eDevice \u2013 M\u00e9rignac, France","og_description":"The leading provider of global IoT connectivity solutions.The leading provider of global IoT connectivity solutions.HealthGO, an award-winning medical hub, is a simple way to acquire, monitor and transmit medical data to the cloud for Remote Patient Monitoring applications.","og_url":"https:\/\/edevice.com\/fr\/systeme-de-qualite\/","og_site_name":"eDevice","article_modified_time":"2024-10-17T09:35:21+00:00","twitter_card":"summary_large_image","twitter_misc":{"Dur\u00e9e de lecture estim\u00e9e":"1 minute"},"schema":{"@context":"https:\/\/schema.org","@graph":[{"@type":"WebPage","@id":"https:\/\/edevice.com\/fr\/systeme-de-qualite\/","url":"https:\/\/edevice.com\/fr\/systeme-de-qualite\/","name":"Remote Patient Monitoring \u2013 eDevice \u2013 M\u00e9rignac, France","isPartOf":{"@id":"https:\/\/edevice.com\/#website"},"datePublished":"2021-12-10T16:18:59+00:00","dateModified":"2024-10-17T09:35:21+00:00","description":"The leading provider of global IoT connectivity solutions.The leading provider of global IoT connectivity solutions.HealthGO, an award-winning medical hub, is a simple way to acquire, monitor and transmit medical data to the cloud for Remote Patient Monitoring applications.","breadcrumb":{"@id":"https:\/\/edevice.com\/fr\/systeme-de-qualite\/#breadcrumb"},"inLanguage":"fr-FR","potentialAction":[{"@type":"ReadAction","target":["https:\/\/edevice.com\/fr\/systeme-de-qualite\/"]}]},{"@type":"BreadcrumbList","@id":"https:\/\/edevice.com\/fr\/systeme-de-qualite\/#breadcrumb","itemListElement":[{"@type":"ListItem","position":1,"name":"Home","item":"https:\/\/edevice.com\/fr\/"},{"@type":"ListItem","position":2,"name":"Syst\u00e8me qualit\u00e9"}]},{"@type":"WebSite","@id":"https:\/\/edevice.com\/#website","url":"https:\/\/edevice.com\/","name":"eDevice","description":"","potentialAction":[{"@type":"SearchAction","target":{"@type":"EntryPoint","urlTemplate":"https:\/\/edevice.com\/?s={search_term_string}"},"query-input":{"@type":"PropertyValueSpecification","valueRequired":true,"valueName":"search_term_string"}}],"inLanguage":"fr-FR"}]}},"_links":{"self":[{"href":"https:\/\/edevice.com\/fr\/wp-json\/wp\/v2\/pages\/770","targetHints":{"allow":["GET"]}}],"collection":[{"href":"https:\/\/edevice.com\/fr\/wp-json\/wp\/v2\/pages"}],"about":[{"href":"https:\/\/edevice.com\/fr\/wp-json\/wp\/v2\/types\/page"}],"author":[{"embeddable":true,"href":"https:\/\/edevice.com\/fr\/wp-json\/wp\/v2\/users\/1"}],"replies":[{"embeddable":true,"href":"https:\/\/edevice.com\/fr\/wp-json\/wp\/v2\/comments?post=770"}],"version-history":[{"count":21,"href":"https:\/\/edevice.com\/fr\/wp-json\/wp\/v2\/pages\/770\/revisions"}],"predecessor-version":[{"id":1603,"href":"https:\/\/edevice.com\/fr\/wp-json\/wp\/v2\/pages\/770\/revisions\/1603"}],"wp:attachment":[{"href":"https:\/\/edevice.com\/fr\/wp-json\/wp\/v2\/media?parent=770"}],"curies":[{"name":"wp","href":"https:\/\/api.w.org\/{rel}","templated":true}]}}