{"id":782,"date":"2021-12-10T17:18:49","date_gmt":"2021-12-10T23:18:49","guid":{"rendered":"https:\/\/edevice.com\/portail-medical\/"},"modified":"2022-12-01T12:06:37","modified_gmt":"2022-12-01T18:06:37","slug":"portail-medical","status":"publish","type":"page","link":"https:\/\/edevice.com\/fr\/portail-medical\/","title":{"rendered":"Portail M\u00e9dical"},"content":{"rendered":"<p>[vc_row content_placement=\u00a0\u00bbmiddle\u00a0\u00bb el_class=\u00a0\u00bbcontainer c-1200 mt-section-lg\u00a0\u00bb][vc_column width=\u00a0\u00bb3\/4&Prime;][vc_column_text el_class=\u00a0\u00bbbody-display\u00a0\u00bb]<\/p>\n<h2>Portail m\u00e9dical pour le suivi des patients \u00e0 distance<\/h2>\n<p>[\/vc_column_text][\/vc_column][vc_column width=\u00a0\u00bb1\/4&Prime;][\/vc_column][\/vc_row][vc_row content_placement=\u00a0\u00bbmiddle\u00a0\u00bb el_class=\u00a0\u00bbcontainer c-1200&Prime;][vc_column width=\u00a0\u00bb1\/2&Prime;][vc_column_text el_class=\u00a0\u00bbbody-display\u00a0\u00bb]HealthGO Live est une application de t\u00e9l\u00e9sant\u00e9 nouvelle g\u00e9n\u00e9ration qui permet aux m\u00e9decins et autres professionnels de sant\u00e9 de suivre \u00e0 distance leurs patients. Le portail HealthGO Live est un v\u00e9ritable tableau de bord s\u00e9curis\u00e9 o\u00f9 le personnel m\u00e9dical peut surveiller les signes vitaux et l&rsquo;\u00e9tat g\u00e9n\u00e9ral de ses patients, visualiser les alertes et analyser les donn\u00e9es qu&rsquo;ils ont collect\u00e9es.<\/p>\n<p><a class=\"btn\" href=\"http:\/\/s878403427.onlinehome.fr\/contact-us\/\">Contactez-nous<\/a>[\/vc_column_text][\/vc_column][vc_column width=\u00a0\u00bb1\/2&Prime;][vc_single_image image=\u00a0\u00bb904&Prime; img_size=\u00a0\u00bblarge\u00a0\u00bb alignment=\u00a0\u00bbcenter\u00a0\u00bb el_class=\u00a0\u00bbsection__rounded section__shadow&#8211;large\u00a0\u00bb][\/vc_column][\/vc_row][vc_row el_class=\u00a0\u00bbp-tb-section-lg container c-1200&Prime;][vc_column][vc_column_text]<\/p>\n<h3 style=\"text-align: center;\">Principales caract\u00e9ristiques<\/h3>\n<p>[\/vc_column_text][vc_row_inner el_class=\u00a0\u00bbmt-section-md\u00a0\u00bb][vc_column_inner width=\u00a0\u00bb1\/2&Prime;][vc_column_text]<i class=\"fa-duotone fa-heart-pulse fa-3x text-primary\"><\/i><\/p>\n<h5>Analyse des donn\u00e9es de sant\u00e9<\/h5>\n<p>Les m\u00e9decins ont un acc\u00e8s direct \u00e0 des informations mises \u00e0 jour sur leurs patients et \u00e0 l&rsquo;historique des donn\u00e9es de sant\u00e9 sous forme de graphiques et de tableaux PDF t\u00e9l\u00e9chargeables[\/vc_column_text][\/vc_column_inner][vc_column_inner width=\u00a0\u00bb1\/2&Prime;][vc_column_text]<i class=\"fa-duotone fa-chart-pie fa-3x text-primary\"><\/i><\/p>\n<h5>Donn\u00e9es d\u00e9taill\u00e9es relatives \u00e0 l&rsquo;utilisation<\/h5>\n<p>Les donn\u00e9es non m\u00e9dicales li\u00e9es \u00e0 l&rsquo;utilisation de la plateforme HealthGO sont disponibles pour le personnel non m\u00e9dical, comme les cadres d&rsquo;h\u00f4pitaux et le personnel administratif.[\/vc_column_text][\/vc_column_inner][\/vc_row_inner][vc_row_inner el_class=\u00a0\u00bbmt-section-md mt-section-md\u00a0\u00bb][vc_column_inner width=\u00a0\u00bb1\/2&Prime;][vc_column_text]<i class=\"fa-duotone fa-user-group fa-3x text-primary\"><\/i><\/p>\n<h5>Acc\u00e8s bas\u00e9 sur les r\u00f4les utilisateurs<\/h5>\n<p>Le portail HealthGO Live permet d&rsquo;assigner diff\u00e9rents types d&rsquo;utilisateurs ayant diff\u00e9rents r\u00f4les et droits d&rsquo;acc\u00e8s : organisations de soins, m\u00e9decins et support technique.[\/vc_column_text][\/vc_column_inner][vc_column_inner width=\u00a0\u00bb1\/2&Prime;][vc_column_text]<i class=\"fa-duotone fa-tablet-screen fa-3x text-primary\"><\/i><\/p>\n<h5>Conception r\u00e9active<\/h5>\n<p>Pour un acc\u00e8s mobile avec tablettes et smartphones.[\/vc_column_text][\/vc_column_inner][\/vc_row_inner][\/vc_column][\/vc_row]<\/p>\n","protected":false},"excerpt":{"rendered":"<p>[vc_row content_placement=\u00a0\u00bbmiddle\u00a0\u00bb el_class=\u00a0\u00bbcontainer c-1200 mt-section-lg\u00a0\u00bb][vc_column width=\u00a0\u00bb3\/4&Prime;][vc_column_text el_class=\u00a0\u00bbbody-display\u00a0\u00bb] Portail m\u00e9dical pour le suivi des patients \u00e0 distance [\/vc_column_text][\/vc_column][vc_column width=\u00a0\u00bb1\/4&Prime;][\/vc_column][\/vc_row][vc_row content_placement=\u00a0\u00bbmiddle\u00a0\u00bb el_class=\u00a0\u00bbcontainer c-1200&Prime;][vc_column width=\u00a0\u00bb1\/2&Prime;][vc_column_text el_class=\u00a0\u00bbbody-display\u00a0\u00bb]HealthGO Live est une application de t\u00e9l\u00e9sant\u00e9 nouvelle g\u00e9n\u00e9ration qui permet aux m\u00e9decins et autres professionnels de sant\u00e9 de suivre \u00e0 distance leurs patients. Le portail HealthGO Live est un v\u00e9ritable tableau de<a class=\"text-primary link--read-more\" \n\thref=\"https:\/\/edevice.com\/fr\/portail-medical\/\"><i class=\"fal fa-newspaper\"><\/i> Read More<\/a><\/p>\n","protected":false},"author":1,"featured_media":0,"parent":0,"menu_order":0,"comment_status":"closed","ping_status":"closed","template":"","meta":{"footnotes":""},"class_list":["post-782","page","type-page","status-publish","hentry"],"yoast_head":"<!-- This site is optimized with the Yoast SEO plugin v26.8 - https:\/\/yoast.com\/product\/yoast-seo-wordpress\/ -->\n<title>Remote Patient Monitoring \u2013 eDevice \u2013 M\u00e9rignac, France<\/title>\n<meta name=\"description\" content=\"The leading provider of global IoT connectivity solutions.The leading provider of global IoT connectivity solutions.HealthGO, an award-winning medical hub, is a simple way to acquire, monitor and transmit medical data to the cloud for Remote Patient Monitoring applications.\" \/>\n<meta name=\"robots\" content=\"index, follow, max-snippet:-1, max-image-preview:large, max-video-preview:-1\" \/>\n<link rel=\"canonical\" href=\"https:\/\/edevice.com\/fr\/portail-medical\/\" \/>\n<meta property=\"og:locale\" content=\"fr_FR\" \/>\n<meta property=\"og:type\" content=\"article\" \/>\n<meta property=\"og:title\" content=\"Remote Patient Monitoring \u2013 eDevice \u2013 M\u00e9rignac, France\" \/>\n<meta property=\"og:description\" content=\"The leading provider of global IoT connectivity solutions.The leading provider of global IoT connectivity solutions.HealthGO, an award-winning medical hub, is a simple way to acquire, monitor and transmit medical data to the cloud for Remote Patient Monitoring applications.\" \/>\n<meta property=\"og:url\" content=\"https:\/\/edevice.com\/fr\/portail-medical\/\" \/>\n<meta property=\"og:site_name\" content=\"eDevice\" \/>\n<meta property=\"article:modified_time\" content=\"2022-12-01T18:06:37+00:00\" \/>\n<meta name=\"twitter:card\" content=\"summary_large_image\" \/>\n<meta name=\"twitter:label1\" content=\"Dur\u00e9e de lecture estim\u00e9e\" \/>\n\t<meta name=\"twitter:data1\" content=\"1 minute\" \/>\n<script type=\"application\/ld+json\" class=\"yoast-schema-graph\">{\"@context\":\"https:\/\/schema.org\",\"@graph\":[{\"@type\":\"WebPage\",\"@id\":\"https:\/\/edevice.com\/fr\/portail-medical\/\",\"url\":\"https:\/\/edevice.com\/fr\/portail-medical\/\",\"name\":\"Remote Patient Monitoring \u2013 eDevice \u2013 M\u00e9rignac, France\",\"isPartOf\":{\"@id\":\"https:\/\/edevice.com\/#website\"},\"datePublished\":\"2021-12-10T23:18:49+00:00\",\"dateModified\":\"2022-12-01T18:06:37+00:00\",\"description\":\"The leading provider of global IoT connectivity solutions.The leading provider of global IoT connectivity solutions.HealthGO, an award-winning medical hub, is a simple way to acquire, monitor and transmit medical data to the cloud for Remote Patient Monitoring applications.\",\"breadcrumb\":{\"@id\":\"https:\/\/edevice.com\/fr\/portail-medical\/#breadcrumb\"},\"inLanguage\":\"fr-FR\",\"potentialAction\":[{\"@type\":\"ReadAction\",\"target\":[\"https:\/\/edevice.com\/fr\/portail-medical\/\"]}]},{\"@type\":\"BreadcrumbList\",\"@id\":\"https:\/\/edevice.com\/fr\/portail-medical\/#breadcrumb\",\"itemListElement\":[{\"@type\":\"ListItem\",\"position\":1,\"name\":\"Home\",\"item\":\"https:\/\/edevice.com\/fr\/\"},{\"@type\":\"ListItem\",\"position\":2,\"name\":\"Portail M\u00e9dical\"}]},{\"@type\":\"WebSite\",\"@id\":\"https:\/\/edevice.com\/#website\",\"url\":\"https:\/\/edevice.com\/\",\"name\":\"eDevice\",\"description\":\"\",\"potentialAction\":[{\"@type\":\"SearchAction\",\"target\":{\"@type\":\"EntryPoint\",\"urlTemplate\":\"https:\/\/edevice.com\/?s={search_term_string}\"},\"query-input\":{\"@type\":\"PropertyValueSpecification\",\"valueRequired\":true,\"valueName\":\"search_term_string\"}}],\"inLanguage\":\"fr-FR\"}]}<\/script>\n<!-- \/ Yoast SEO plugin. -->","yoast_head_json":{"title":"Remote Patient Monitoring \u2013 eDevice \u2013 M\u00e9rignac, France","description":"The leading provider of global IoT connectivity solutions.The leading provider of global IoT connectivity solutions.HealthGO, an award-winning medical hub, is a simple way to acquire, monitor and transmit medical data to the cloud for Remote Patient Monitoring applications.","robots":{"index":"index","follow":"follow","max-snippet":"max-snippet:-1","max-image-preview":"max-image-preview:large","max-video-preview":"max-video-preview:-1"},"canonical":"https:\/\/edevice.com\/fr\/portail-medical\/","og_locale":"fr_FR","og_type":"article","og_title":"Remote Patient Monitoring \u2013 eDevice \u2013 M\u00e9rignac, France","og_description":"The leading provider of global IoT connectivity solutions.The leading provider of global IoT connectivity solutions.HealthGO, an award-winning medical hub, is a simple way to acquire, monitor and transmit medical data to the cloud for Remote Patient Monitoring applications.","og_url":"https:\/\/edevice.com\/fr\/portail-medical\/","og_site_name":"eDevice","article_modified_time":"2022-12-01T18:06:37+00:00","twitter_card":"summary_large_image","twitter_misc":{"Dur\u00e9e de lecture estim\u00e9e":"1 minute"},"schema":{"@context":"https:\/\/schema.org","@graph":[{"@type":"WebPage","@id":"https:\/\/edevice.com\/fr\/portail-medical\/","url":"https:\/\/edevice.com\/fr\/portail-medical\/","name":"Remote Patient Monitoring \u2013 eDevice \u2013 M\u00e9rignac, France","isPartOf":{"@id":"https:\/\/edevice.com\/#website"},"datePublished":"2021-12-10T23:18:49+00:00","dateModified":"2022-12-01T18:06:37+00:00","description":"The leading provider of global IoT connectivity solutions.The leading provider of global IoT connectivity solutions.HealthGO, an award-winning medical hub, is a simple way to acquire, monitor and transmit medical data to the cloud for Remote Patient Monitoring applications.","breadcrumb":{"@id":"https:\/\/edevice.com\/fr\/portail-medical\/#breadcrumb"},"inLanguage":"fr-FR","potentialAction":[{"@type":"ReadAction","target":["https:\/\/edevice.com\/fr\/portail-medical\/"]}]},{"@type":"BreadcrumbList","@id":"https:\/\/edevice.com\/fr\/portail-medical\/#breadcrumb","itemListElement":[{"@type":"ListItem","position":1,"name":"Home","item":"https:\/\/edevice.com\/fr\/"},{"@type":"ListItem","position":2,"name":"Portail M\u00e9dical"}]},{"@type":"WebSite","@id":"https:\/\/edevice.com\/#website","url":"https:\/\/edevice.com\/","name":"eDevice","description":"","potentialAction":[{"@type":"SearchAction","target":{"@type":"EntryPoint","urlTemplate":"https:\/\/edevice.com\/?s={search_term_string}"},"query-input":{"@type":"PropertyValueSpecification","valueRequired":true,"valueName":"search_term_string"}}],"inLanguage":"fr-FR"}]}},"_links":{"self":[{"href":"https:\/\/edevice.com\/fr\/wp-json\/wp\/v2\/pages\/782","targetHints":{"allow":["GET"]}}],"collection":[{"href":"https:\/\/edevice.com\/fr\/wp-json\/wp\/v2\/pages"}],"about":[{"href":"https:\/\/edevice.com\/fr\/wp-json\/wp\/v2\/types\/page"}],"author":[{"embeddable":true,"href":"https:\/\/edevice.com\/fr\/wp-json\/wp\/v2\/users\/1"}],"replies":[{"embeddable":true,"href":"https:\/\/edevice.com\/fr\/wp-json\/wp\/v2\/comments?post=782"}],"version-history":[{"count":6,"href":"https:\/\/edevice.com\/fr\/wp-json\/wp\/v2\/pages\/782\/revisions"}],"predecessor-version":[{"id":906,"href":"https:\/\/edevice.com\/fr\/wp-json\/wp\/v2\/pages\/782\/revisions\/906"}],"wp:attachment":[{"href":"https:\/\/edevice.com\/fr\/wp-json\/wp\/v2\/media?parent=782"}],"curies":[{"name":"wp","href":"https:\/\/api.w.org\/{rel}","templated":true}]}}