{"id":925,"date":"2022-01-07T15:34:35","date_gmt":"2022-01-07T21:34:35","guid":{"rendered":"https:\/\/edevice.com\/conditions-dutilisation\/"},"modified":"2023-02-01T12:47:59","modified_gmt":"2023-02-01T18:47:59","slug":"conditions-dutilisation","status":"publish","type":"page","link":"https:\/\/edevice.com\/fr\/conditions-dutilisation\/","title":{"rendered":"Conditions d&rsquo;utilisation"},"content":{"rendered":"<p>[vc_row el_class=\u00a0\u00bbcontainer c-1200 p-tb-section-lg\u00a0\u00bb][vc_column][vc_column_text]Copyright \u00a9 eDevice SA 2022. Tous droits r\u00e9serv\u00e9s.<\/p>\n<p>L&rsquo;acc\u00e8s et l&rsquo;utilisation du site Web d&rsquo;eDevice (nomm\u00e9 ci-apr\u00e8s \u00ab Site \u00bb) sont conditionn\u00e9s par l&rsquo;acceptation des termes et conditions \u00e9nonc\u00e9s dans le pr\u00e9sent document. Veuillez le lire avant d&rsquo;utiliser le site. En acc\u00e9dant au site, en l&rsquo;utilisant, en le visualisant, en le parcourant ou en l&rsquo;utilisant de toute autre mani\u00e8re, vous acceptez les pr\u00e9sentes conditions. Si vous n&rsquo;acceptez pas ces conditions, n&rsquo;acc\u00e9dez pas au site de quelque mani\u00e8re que ce soit et quittez le site d\u00e8s maintenant.<\/p>\n<h3>Informations<\/h3>\n<p>Les informations (y compris, mais sans s&rsquo;y limiter, le texte, les informations, les donn\u00e9es, les images, l&rsquo;audio, la vid\u00e9o, les programmes informatiques et\/ou tout autre \u00e9l\u00e9ment trouv\u00e9 sur le site) (nomm\u00e9 ci-apr\u00e8s \u00ab Informations \u00bb) sont fournies par eDevice SA en tant que service pour ses distributeurs et clients et pour le grand public et peuvent \u00eatre utilis\u00e9es \u00e0 des fins d&rsquo;information uniquement. Des copies uniques peuvent \u00eatre t\u00e9l\u00e9charg\u00e9es sur votre ordinateur sous r\u00e9serve des dispositions contenues dans le pr\u00e9sent document.<\/p>\n<h3>Marques commerciales<\/h3>\n<p>Vous trouverez ci-dessous une liste des marques et des noms commerciaux d&rsquo;eDevice. Un MD \u00e0 la suite d&rsquo;un nom indique que la marque a \u00e9t\u00e9 d\u00e9pos\u00e9e aux \u00c9tats-Unis et\/ou dans d&rsquo;autres pays. La liste n&rsquo;est pas destin\u00e9e \u00e0 \u00eatre compl\u00e8te ou exhaustive. eDevice peut poss\u00e9der d&rsquo;autres marques et\/ou noms commerciaux qui ne sont pas inclus ici. eDevice peut \u00e9galement enregistrer d&rsquo;autres marques dans d&rsquo;autres juridictions sans fournir de notification sur le Site : SmartStackMD, eDeviceMD, WireXMD, CaSaaS, Healthgo, Connectivity That Cares.<\/p>\n<p>Les marques d&rsquo;eDevice ne peuvent \u00eatre utilis\u00e9es qu&rsquo;avec l&rsquo;autorisation expresse d&rsquo;eDevice. L&rsquo;usage loyal des marques d&rsquo;eDevice dans la publicit\u00e9 et la promotion de ses produits n\u00e9cessite une reconnaissance appropri\u00e9e que ces marques sont la propri\u00e9t\u00e9 d&rsquo;eDevice.<br \/>\nToutes les autres marques et noms apparaissant sur le site sont la propri\u00e9t\u00e9 de leurs d\u00e9tenteurs respectifs.<\/p>\n<h3>Licence pour copie unique<\/h3>\n<p>Les informations du site sont prot\u00e9g\u00e9es par les lois sur le droit d&rsquo;auteur et toute utilisation non autoris\u00e9e de ces informations peut constituer une violation des lois sur le droit d&rsquo;auteur, les marques commerciales et\/ou d&rsquo;autres lois, aux \u00c9tats-Unis et\/ou dans d&rsquo;autres pays. Vous ne pouvez pas copier, reproduire, modifier, publier, t\u00e9l\u00e9charger, publier, transmettre ou distribuer les informations sous quelque forme que ce soit, \u00e0 l&rsquo;exception du t\u00e9l\u00e9chargement d&rsquo;une copie des informations sur un seul ordinateur pour votre usage personnel, non commercial et interne uniquement, \u00e0 moins que vous n&rsquo;ayez obtenu une licence sp\u00e9cifique d&rsquo;eDevice par \u00e9crit ou conform\u00e9ment aux conditions de licence qui accompagnent ou sont fournies avec des \u00e9l\u00e9ments d&rsquo;information individuels et\/ou des \u0153uvres d&rsquo;auteur.<br \/>\nVous n&rsquo;\u00eates pas autoris\u00e9 \u00e0 supprimer les avis de droits d&rsquo;auteur ou autres avis de propri\u00e9t\u00e9 de l&rsquo;information. Vous acceptez d&#8217;emp\u00eacher toute copie non autoris\u00e9e des informations.<\/p>\n<h3>Propri\u00e9t\u00e9 des informations<\/h3>\n<p>Les informations sont prot\u00e9g\u00e9es par des droits d&rsquo;auteur et\/ou des brevets conform\u00e9ment aux lois et aux dispositions des trait\u00e9s internationaux relatifs aux droits d&rsquo;auteur et aux brevets. Elles ne peuvent \u00eatre copi\u00e9es, reproduites, modifi\u00e9es, publi\u00e9es, t\u00e9l\u00e9charg\u00e9es, publi\u00e9es, transmises ou distribu\u00e9es de quelque mani\u00e8re que ce soit sans avoir pr\u00e9alablement le consentement \u00e9crit d&rsquo;eDevice. \u00c0 l&rsquo;exception de ce qui est sp\u00e9cifiquement pr\u00e9vu dans le pr\u00e9sent document, eDevice ne vous accorde aucun droit expr\u00e8s ou implicite en vertu de et\/ou pour tout brevet, droit d&rsquo;auteur, marque de commerce ou information secr\u00e8te commerciale.<\/p>\n<h3>R\u00e9siliation<\/h3>\n<p>eDevice peut r\u00e9silier cette licence \u00e0 tout moment. En cas de r\u00e9siliation, vous devrez imm\u00e9diatement d\u00e9truire les informations.<br \/>\neDevice se r\u00e9serve le droit, \u00e0 sa seule discr\u00e9tion, de mettre fin \u00e0 votre acc\u00e8s au site \u00e0 tout moment et sans pr\u00e9avis.<\/p>\n<h3>Avis de non-responsabilit\u00e9<\/h3>\n<p>LES INFORMATIONS CONTENUES DANS LE SITE SONT FOURNIES \u00ab EN L&rsquo;\u00c9TAT \u00bb SANS GARANTIE D&rsquo;AUCUNE SORTE, QU&rsquo;ELLE SOIT EXPRESSE OU IMPLICITE, Y COMPRIS LES GARANTIES DE QUALIT\u00c9 MARCHANDE, DE NON-VIOLATION DE LA PROPRI\u00c9T\u00c9 INTELLECTUELLE OU D&rsquo;AD\u00c9QUATION \u00c0 UN USAGE OU UNE UTILISATION QUELCONQUE. EN AUCUN CAS, EDEVICE OU SES FOURNISSEURS NE POURRONT \u00caTRE TENUS POUR RESPONSABLES DE TOUT DOMMAGE DIRECT, INDIRECT, PUNITIF, ACCESSOIRE, SP\u00c9CIAL OU CONS\u00c9CUTIF (Y COMPRIS, MAIS SANS S&rsquo;Y LIMITER, LES DOMMAGES POUR PERTE DE PROFITS, INTERRUPTION D&rsquo;ACTIVIT\u00c9, PERTE D&rsquo;INFORMATIONS) OU DE TOUT AUTRE DOMMAGE R\u00c9SULTANT DE L&rsquo;UTILISATION OU DE L&rsquo;IMPOSSIBILIT\u00c9 D&rsquo;UTILISER LES INFORMATIONS, M\u00caME SI EDEVICE A \u00c9T\u00c9 PR\u00c9VENU DE LA POSSIBILIT\u00c9 DE TELS DOMMAGES. \u00c9TANT DONN\u00c9 QUE CERTAINS ETATS OU JURIDICTIONS N&rsquo;AUTORISENT PAS L&rsquo;EXCLUSION OU LA LIMITATION DE LA RESPONSABILIT\u00c9 POUR LES DOMMAGES INDIRECTS OU ACCESSOIRES, LA LIMITATION CI-DESSUS PEUT NE PAS S&rsquo;APPLIQUER \u00c0 VOUS. SI VOUS \u00caTES D\u00c9SATISFAIT D&rsquo;UNE PARTIE DU SITE OU DE L&rsquo;UNE DES PR\u00c9SENTES CONDITIONS D&rsquo;UTILISATION, VOTRE SEUL ET EXCLUSIF RECOURS EST DE CESSER D&rsquo;UTILISER ET \/ OU D&rsquo;ACC\u00c9DER AU SITE.<\/p>\n<p>eDevice ne fournit aucune garantie quant \u00e0 l&rsquo;exhaustivit\u00e9 ou l&rsquo;exactitude des informations, textes, graphiques, liens ou autres \u00e9l\u00e9ments contenus sur le site. eDevice peut apporter des modifications aux informations ou aux produits qui y sont mentionn\u00e9s \u00e0 tout moment et sans pr\u00e9avis. eDevice ne s&rsquo;engage pas \u00e0 mettre \u00e0 jour les informations.<\/p>\n<p>En outre, eDevice n&rsquo;assume aucune responsabilit\u00e9 et ne peut \u00eatre tenu pour responsable des dommages ou des virus susceptibles d&rsquo;infecter votre \u00e9quipement informatique ou d&rsquo;autres biens en raison de l&rsquo;acc\u00e8s, de l&rsquo;utilisation ou de la navigation sur le site (y compris tout tableau d&rsquo;affichage) ou du t\u00e9l\u00e9chargement de toute information \u00e0 partir du site.<\/p>\n<h3>Informations adress\u00e9es au site<\/h3>\n<p>eDevice vous demande de ne pas lui envoyer d&rsquo;informations confidentielles ou exclusives par le biais du site. Sauf par accord sp\u00e9cifique par \u00e9crit, tout mat\u00e9riel ou message affich\u00e9, tout fichier t\u00e9l\u00e9charg\u00e9, toute entr\u00e9e de donn\u00e9es ou toute autre forme de communication ou d&rsquo;information que vous transmettez ou publiez sur ce site (nomm\u00e9 ci-apr\u00e8s \u00ab Communications \u00bb) seront consid\u00e9r\u00e9s comme non confidentiels et non exclusifs. eDevice n&rsquo;aura aucune obligation \u00e0 l&rsquo;\u00e9gard des Communications. eDevice sera libre de copier, divulguer, distribuer, incorporer et utiliser de toute autre mani\u00e8re les Communications et toutes les donn\u00e9es, images, sons, textes et autres \u00e9l\u00e9ments qui y sont incorpor\u00e9s \u00e0 toutes fins commerciales ou non commerciales. En transmettant des Communications au Site, vous accordez par la pr\u00e9sente \u00e0 eDevice une licence perp\u00e9tuelle, mondiale, irr\u00e9vocable, non exclusive et libre de redevances pour utiliser, copier, accorder une licence, sous-licencier, adapter, distribuer, afficher, ex\u00e9cuter publiquement, reproduire, transmettre, modifier, \u00e9diter et exploiter de toute autre mani\u00e8re ces Communications, dans tous les m\u00e9dias connus actuellement ou cr\u00e9\u00e9s par la suite. Vous renoncez par la pr\u00e9sente \u00e0 tout droit de r\u00e9clamation \u00e0 l&rsquo;encontre d&rsquo;eDevice pour toute violation pr\u00e9sum\u00e9e ou r\u00e9elle de droits de propri\u00e9t\u00e9, de droits \u00e0 la vie priv\u00e9e et \u00e0 la publicit\u00e9, de droits moraux et de droits d&rsquo;attribution en rapport avec ces Communications.<\/p>\n<p>Il vous est interdit de publier ou de transmettre vers ou \u00e0 partir de ce site tout mat\u00e9riel qui (a) limiterait ou emp\u00eacherait tout autre utilisateur d&rsquo;utiliser et de profiter du site, (b) serait ill\u00e9gal, mena\u00e7ant, abusif, diffamatoire, obsc\u00e8ne, vulgaire, offensant, pornographique, profane, sexuellement explicite ou ind\u00e9cent, (c) constituerait ou encouragerait une conduite qui constituerait une infraction p\u00e9nale, que ce soit aux \u00c9tats-Unis ou \u00e0 l&rsquo;\u00e9tranger, donnerait lieu \u00e0 une responsabilit\u00e9 civile ou violerait autrement la loi dans toute juridiction, (d) violerait, plagierait ou enfreindrait les droits de tiers, y compris, mais sans s&rsquo;y limiter, les droits d&rsquo;auteur, les droits de marque ou de brevet, les droits \u00e0 la vie priv\u00e9e ou \u00e0 la publicit\u00e9 ou tout autre droit de propri\u00e9t\u00e9, (e) contiendrait un virus ou tout autre \u00e9l\u00e9ment nuisible, (f) contiendrait des informations, des logiciels ou tout autre mat\u00e9riel de nature commerciale, (g) contiendrait de la publicit\u00e9 de quelque nature que ce soit ou (h) constituerait ou contiendrait des indications d&rsquo;origine ou des d\u00e9clarations de fait fausses ou trompeuses.<\/p>\n<h3>Liens vers le site d\u2019eDevice<\/h3>\n<p>Pour obtenir l&rsquo;autorisation de cr\u00e9er un lien vers le site ou vers tout autre site Web d\u00e9tenu et exploit\u00e9 par eDevice, veuillez contacter <a href=\"mailto:info@edevice.com\">info@edevice.com<\/a>. Aucune marque ou logo d&rsquo;eDevice ne peut \u00eatre utilis\u00e9 comme \u00ab liaison automatique \u00bb vers un site d\u2019eDevice ou un autre site Web sans l&rsquo;autorisation \u00e9crite pr\u00e9alable d&rsquo;eDevice.<\/p>\n<h3>Liens vers d&rsquo;autres sites Web<\/h3>\n<p>Les sites li\u00e9s au Site ne sont pas sous le contr\u00f4le d&rsquo;eDevice et eDevice n&rsquo;est pas responsable du contenu de ces sites ou de tout lien contenu dans un site li\u00e9. eDevice se r\u00e9serve le droit de mettre fin \u00e0 tout lien ou programme de liaison \u00e0 tout moment. eDevice n&rsquo;approuve pas les soci\u00e9t\u00e9s ou les produits vers lesquels il \u00e9tablit des liens et se r\u00e9serve le droit de l&rsquo;indiquer sur ses pages Web. Si vous choisissez d&rsquo;acc\u00e9der \u00e0 l&rsquo;un des sites tiers li\u00e9s sur le site, vous le faites enti\u00e8rement \u00e0 vos propres risques.<\/p>\n<h3>Lois applicables<\/h3>\n<p>Le site est contr\u00f4l\u00e9 par eDevice depuis ses bureaux en France. eDevice ne pr\u00e9tend pas que les informations sont appropri\u00e9es ou disponibles pour \u00eatre utilis\u00e9es dans tout autre endroit et que leur acc\u00e8s est interdit. Ceux qui choisissent d&rsquo;acc\u00e9der au site \u00e0 partir d&rsquo;autres endroits le font de leur propre initiative et sont responsables du respect des lois applicables. Il est interdit d&rsquo;utiliser ou d&rsquo;exporter les informations en violation des lois et r\u00e8glements des \u00c9tats-Unis ou d&rsquo;autres juridictions en mati\u00e8re d&rsquo;exportation. Toute r\u00e9clamation relative aux Informations sera r\u00e9gie par le droit mat\u00e9riel interne de la France. La juridiction unique et exclusive pour toute action d\u00e9coulant de ou li\u00e9e \u00e0 cet accord sera celle d&rsquo;un tribunal appropri\u00e9 situ\u00e9 \u00e0 Bordeaux, France.<\/p>\n<h3>G\u00e9n\u00e9ralit\u00e9s<\/h3>\n<p>eDevice peut r\u00e9viser les pr\u00e9sentes conditions d&rsquo;utilisation de temps \u00e0 autre, comme il le juge appropri\u00e9, en mettant \u00e0 jour les conditions d&rsquo;utilisation sur les pages Web du site. Nous vous conseillons de visiter cette page de temps \u00e0 autre pour consulter les conditions d&rsquo;utilisation en vigueur, car elles vous engagent. Certaines dispositions des pr\u00e9sentes conditions g\u00e9n\u00e9rales peuvent \u00eatre remplac\u00e9es par des avis juridiques ou des conditions express\u00e9ment d\u00e9sign\u00e9s situ\u00e9s sur d&rsquo;autres pages du site.[\/vc_column_text][\/vc_column][\/vc_row]<\/p>\n","protected":false},"excerpt":{"rendered":"<p>[vc_row el_class=\u00a0\u00bbcontainer c-1200 p-tb-section-lg\u00a0\u00bb][vc_column][vc_column_text]Copyright \u00a9 eDevice SA 2022. Tous droits r\u00e9serv\u00e9s. L&rsquo;acc\u00e8s et l&rsquo;utilisation du site Web d&rsquo;eDevice (nomm\u00e9 ci-apr\u00e8s \u00ab Site \u00bb) sont conditionn\u00e9s par l&rsquo;acceptation des termes et conditions \u00e9nonc\u00e9s dans le pr\u00e9sent document. Veuillez le lire avant d&rsquo;utiliser le site. En acc\u00e9dant au site, en l&rsquo;utilisant, en le visualisant, en le parcourant<a class=\"text-primary link--read-more\" \n\thref=\"https:\/\/edevice.com\/fr\/conditions-dutilisation\/\"><i class=\"fal fa-newspaper\"><\/i> Read More<\/a><\/p>\n","protected":false},"author":1,"featured_media":0,"parent":0,"menu_order":0,"comment_status":"closed","ping_status":"closed","template":"","meta":{"footnotes":""},"class_list":["post-925","page","type-page","status-publish","hentry"],"yoast_head":"<!-- This site is optimized with the Yoast SEO plugin v26.8 - https:\/\/yoast.com\/product\/yoast-seo-wordpress\/ -->\n<title>Remote Patient Monitoring \u2013 eDevice \u2013 M\u00e9rignac, France<\/title>\n<meta name=\"description\" content=\"The leading provider of global IoT connectivity solutions.The leading provider of global IoT connectivity solutions.HealthGO, an award-winning medical hub, is a simple way to acquire, monitor and transmit medical data to the cloud for Remote Patient Monitoring applications.\" \/>\n<meta name=\"robots\" content=\"index, follow, max-snippet:-1, max-image-preview:large, max-video-preview:-1\" \/>\n<link rel=\"canonical\" href=\"https:\/\/edevice.com\/fr\/conditions-dutilisation\/\" \/>\n<meta property=\"og:locale\" content=\"fr_FR\" \/>\n<meta property=\"og:type\" content=\"article\" \/>\n<meta property=\"og:title\" content=\"Remote Patient Monitoring \u2013 eDevice \u2013 M\u00e9rignac, France\" \/>\n<meta property=\"og:description\" content=\"The leading provider of global IoT connectivity solutions.The leading provider of global IoT connectivity solutions.HealthGO, an award-winning medical hub, is a simple way to acquire, monitor and transmit medical data to the cloud for Remote Patient Monitoring applications.\" \/>\n<meta property=\"og:url\" content=\"https:\/\/edevice.com\/fr\/conditions-dutilisation\/\" \/>\n<meta property=\"og:site_name\" content=\"eDevice\" \/>\n<meta property=\"article:modified_time\" content=\"2023-02-01T18:47:59+00:00\" \/>\n<meta name=\"twitter:card\" content=\"summary_large_image\" \/>\n<meta name=\"twitter:label1\" content=\"Dur\u00e9e de lecture estim\u00e9e\" \/>\n\t<meta name=\"twitter:data1\" content=\"8 minutes\" \/>\n<script type=\"application\/ld+json\" class=\"yoast-schema-graph\">{\"@context\":\"https:\/\/schema.org\",\"@graph\":[{\"@type\":\"WebPage\",\"@id\":\"https:\/\/edevice.com\/fr\/conditions-dutilisation\/\",\"url\":\"https:\/\/edevice.com\/fr\/conditions-dutilisation\/\",\"name\":\"Remote Patient Monitoring \u2013 eDevice \u2013 M\u00e9rignac, France\",\"isPartOf\":{\"@id\":\"https:\/\/edevice.com\/#website\"},\"datePublished\":\"2022-01-07T21:34:35+00:00\",\"dateModified\":\"2023-02-01T18:47:59+00:00\",\"description\":\"The leading provider of global IoT connectivity solutions.The leading provider of global IoT connectivity solutions.HealthGO, an award-winning medical hub, is a simple way to acquire, monitor and transmit medical data to the cloud for Remote Patient Monitoring applications.\",\"breadcrumb\":{\"@id\":\"https:\/\/edevice.com\/fr\/conditions-dutilisation\/#breadcrumb\"},\"inLanguage\":\"fr-FR\",\"potentialAction\":[{\"@type\":\"ReadAction\",\"target\":[\"https:\/\/edevice.com\/fr\/conditions-dutilisation\/\"]}]},{\"@type\":\"BreadcrumbList\",\"@id\":\"https:\/\/edevice.com\/fr\/conditions-dutilisation\/#breadcrumb\",\"itemListElement\":[{\"@type\":\"ListItem\",\"position\":1,\"name\":\"Home\",\"item\":\"https:\/\/edevice.com\/fr\/\"},{\"@type\":\"ListItem\",\"position\":2,\"name\":\"Conditions d&#8217;utilisation\"}]},{\"@type\":\"WebSite\",\"@id\":\"https:\/\/edevice.com\/#website\",\"url\":\"https:\/\/edevice.com\/\",\"name\":\"eDevice\",\"description\":\"\",\"potentialAction\":[{\"@type\":\"SearchAction\",\"target\":{\"@type\":\"EntryPoint\",\"urlTemplate\":\"https:\/\/edevice.com\/?s={search_term_string}\"},\"query-input\":{\"@type\":\"PropertyValueSpecification\",\"valueRequired\":true,\"valueName\":\"search_term_string\"}}],\"inLanguage\":\"fr-FR\"}]}<\/script>\n<!-- \/ Yoast SEO plugin. -->","yoast_head_json":{"title":"Remote Patient Monitoring \u2013 eDevice \u2013 M\u00e9rignac, France","description":"The leading provider of global IoT connectivity solutions.The leading provider of global IoT connectivity solutions.HealthGO, an award-winning medical hub, is a simple way to acquire, monitor and transmit medical data to the cloud for Remote Patient Monitoring applications.","robots":{"index":"index","follow":"follow","max-snippet":"max-snippet:-1","max-image-preview":"max-image-preview:large","max-video-preview":"max-video-preview:-1"},"canonical":"https:\/\/edevice.com\/fr\/conditions-dutilisation\/","og_locale":"fr_FR","og_type":"article","og_title":"Remote Patient Monitoring \u2013 eDevice \u2013 M\u00e9rignac, France","og_description":"The leading provider of global IoT connectivity solutions.The leading provider of global IoT connectivity solutions.HealthGO, an award-winning medical hub, is a simple way to acquire, monitor and transmit medical data to the cloud for Remote Patient Monitoring applications.","og_url":"https:\/\/edevice.com\/fr\/conditions-dutilisation\/","og_site_name":"eDevice","article_modified_time":"2023-02-01T18:47:59+00:00","twitter_card":"summary_large_image","twitter_misc":{"Dur\u00e9e de lecture estim\u00e9e":"8 minutes"},"schema":{"@context":"https:\/\/schema.org","@graph":[{"@type":"WebPage","@id":"https:\/\/edevice.com\/fr\/conditions-dutilisation\/","url":"https:\/\/edevice.com\/fr\/conditions-dutilisation\/","name":"Remote Patient Monitoring \u2013 eDevice \u2013 M\u00e9rignac, France","isPartOf":{"@id":"https:\/\/edevice.com\/#website"},"datePublished":"2022-01-07T21:34:35+00:00","dateModified":"2023-02-01T18:47:59+00:00","description":"The leading provider of global IoT connectivity solutions.The leading provider of global IoT connectivity solutions.HealthGO, an award-winning medical hub, is a simple way to acquire, monitor and transmit medical data to the cloud for Remote Patient Monitoring applications.","breadcrumb":{"@id":"https:\/\/edevice.com\/fr\/conditions-dutilisation\/#breadcrumb"},"inLanguage":"fr-FR","potentialAction":[{"@type":"ReadAction","target":["https:\/\/edevice.com\/fr\/conditions-dutilisation\/"]}]},{"@type":"BreadcrumbList","@id":"https:\/\/edevice.com\/fr\/conditions-dutilisation\/#breadcrumb","itemListElement":[{"@type":"ListItem","position":1,"name":"Home","item":"https:\/\/edevice.com\/fr\/"},{"@type":"ListItem","position":2,"name":"Conditions d&#8217;utilisation"}]},{"@type":"WebSite","@id":"https:\/\/edevice.com\/#website","url":"https:\/\/edevice.com\/","name":"eDevice","description":"","potentialAction":[{"@type":"SearchAction","target":{"@type":"EntryPoint","urlTemplate":"https:\/\/edevice.com\/?s={search_term_string}"},"query-input":{"@type":"PropertyValueSpecification","valueRequired":true,"valueName":"search_term_string"}}],"inLanguage":"fr-FR"}]}},"_links":{"self":[{"href":"https:\/\/edevice.com\/fr\/wp-json\/wp\/v2\/pages\/925","targetHints":{"allow":["GET"]}}],"collection":[{"href":"https:\/\/edevice.com\/fr\/wp-json\/wp\/v2\/pages"}],"about":[{"href":"https:\/\/edevice.com\/fr\/wp-json\/wp\/v2\/types\/page"}],"author":[{"embeddable":true,"href":"https:\/\/edevice.com\/fr\/wp-json\/wp\/v2\/users\/1"}],"replies":[{"embeddable":true,"href":"https:\/\/edevice.com\/fr\/wp-json\/wp\/v2\/comments?post=925"}],"version-history":[{"count":9,"href":"https:\/\/edevice.com\/fr\/wp-json\/wp\/v2\/pages\/925\/revisions"}],"predecessor-version":[{"id":934,"href":"https:\/\/edevice.com\/fr\/wp-json\/wp\/v2\/pages\/925\/revisions\/934"}],"wp:attachment":[{"href":"https:\/\/edevice.com\/fr\/wp-json\/wp\/v2\/media?parent=925"}],"curies":[{"name":"wp","href":"https:\/\/api.w.org\/{rel}","templated":true}]}}